{"id":2415,"date":"2017-06-15T07:15:28","date_gmt":"2017-06-15T07:15:28","guid":{"rendered":"https:\/\/gaviaspreview.com\/wp\/winnex\/?page_id=2415"},"modified":"2026-01-15T14:22:55","modified_gmt":"2026-01-15T13:22:55","slug":"portfolio","status":"publish","type":"page","link":"https:\/\/zelenestavbysk.sk\/?page_id=2415","title":{"rendered":"Referencie"},"content":{"rendered":"<div class=\"wpb-content-wrapper\"><p>[vc_row][vc_column width=&#8220;1\/2&#8243;][vc_text_separator title=&#8220;Rekon\u0161trukcia jed\u00e1lne v obci Nov\u00e1 Ves nad \u017ditavou&#8220; border_width=&#8220;6&#8243; css=&#8220;&#8220;][vc_gallery type=&#8220;flexslider_slide&#8220; interval=&#8220;0&#8243; images=&#8220;3941,3942,3943,3944,3948,3951,3949,3947,3945,3946,3950,3952,3940&#8243; img_size=&#8220;medium&#8220; css=&#8220;&#8220;][\/vc_column][vc_column width=&#8220;1\/2&#8243;][\/vc_column][\/vc_row]<\/p>\n<\/div>","protected":false},"excerpt":{"rendered":"<p>[vc_row][vc_column width=&#8220;1\/2&#8243;][vc_text_separator title=&#8220;Rekon\u0161trukcia jed\u00e1lne v obci Nov\u00e1 Ves nad \u017ditavou&#8220; border_width=&#8220;6&#8243; css=&#8220;&#8220;][vc_gallery type=&#8220;flexslider_slide&#8220; interval=&#8220;0&#8243; images=&#8220;3941,3942,3943,3944,3948,3951,3949,3947,3945,3946,3950,3952,3940&#8243; img_size=&#8220;medium&#8220; css=&#8220;&#8220;][\/vc_column][vc_column width=&#8220;1\/2&#8243;][\/vc_column][\/vc_row]<\/p>\n","protected":false},"author":1,"featured_media":0,"parent":0,"menu_order":0,"comment_status":"closed","ping_status":"closed","template":"","meta":{"footnotes":""},"class_list":["post-2415","page","type-page","status-publish","hentry"],"_links":{"self":[{"href":"https:\/\/zelenestavbysk.sk\/index.php?rest_route=\/wp\/v2\/pages\/2415","targetHints":{"allow":["GET"]}}],"collection":[{"href":"https:\/\/zelenestavbysk.sk\/index.php?rest_route=\/wp\/v2\/pages"}],"about":[{"href":"https:\/\/zelenestavbysk.sk\/index.php?rest_route=\/wp\/v2\/types\/page"}],"author":[{"embeddable":true,"href":"https:\/\/zelenestavbysk.sk\/index.php?rest_route=\/wp\/v2\/users\/1"}],"replies":[{"embeddable":true,"href":"https:\/\/zelenestavbysk.sk\/index.php?rest_route=%2Fwp%2Fv2%2Fcomments&post=2415"}],"version-history":[{"count":13,"href":"https:\/\/zelenestavbysk.sk\/index.php?rest_route=\/wp\/v2\/pages\/2415\/revisions"}],"predecessor-version":[{"id":4015,"href":"https:\/\/zelenestavbysk.sk\/index.php?rest_route=\/wp\/v2\/pages\/2415\/revisions\/4015"}],"wp:attachment":[{"href":"https:\/\/zelenestavbysk.sk\/index.php?rest_route=%2Fwp%2Fv2%2Fmedia&parent=2415"}],"curies":[{"name":"wp","href":"https:\/\/api.w.org\/{rel}","templated":true}]}}