{"id":2495,"date":"2017-06-20T02:40:42","date_gmt":"2017-06-20T02:40:42","guid":{"rendered":"https:\/\/gaviaspreview.com\/wp\/winnex\/?page_id=2495"},"modified":"2025-10-03T16:57:58","modified_gmt":"2025-10-03T14:57:58","slug":"stavebna-cinnost","status":"publish","type":"page","link":"https:\/\/zelenestavbysk.sk\/?page_id=2495","title":{"rendered":"Stavebn\u00e1 \u010cinnos\u0165"},"content":{"rendered":"<div class=\"wpb-content-wrapper\"><p>[vc_row css=&#8220;.vc_custom_1532319356025{background-color: #f5f5f5 !important;}&#8220;][vc_column][vc_row_inner][vc_column_inner][vc_column_text css=&#8220;&#8220;]<\/p>\n<div class=\"elementor-element elementor-element-5b043be elementor-widget elementor-widget-text-editor\" data-id=\"5b043be\" data-element_type=\"widget\" data-widget_type=\"text-editor.default\">\n<div class=\"elementor-widget-container\">\n<h1 style=\"text-align: center;\">Stavebn\u00e1 \u010dinnos\u0165<\/h1>\n<p>&nbsp;<\/p>\n<div class=\"elementor-element elementor-element-5b043be elementor-widget elementor-widget-text-editor\" data-id=\"5b043be\" data-element_type=\"widget\" data-widget_type=\"text-editor.default\">\n<div class=\"elementor-widget-container\">\n<p style=\"text-align: center;\">Soci\u00e1lny podnik Zelen\u00e9 Stavby SK s.r.o. bol zalo\u017een\u00fd so z\u00e1merom a v\u00edziou, aby sme aj my prispeli k rozvoju v regi\u00f3ne a pon\u00fakli nov\u00e9 mo\u017enosti aj pre marginalizovan\u00e9 skupiny v na\u0161om okol\u00ed.<\/p>\n<p style=\"text-align: center;\">Stavebn\u00edctvom sa zaober\u00e1me uz viac ako 10 rokov. V\u00fdstavbu rodinn\u00fdch a bytov\u00fdch domov sme roz\u0161\u00edrili o slu\u017eby, ktor\u00e9 na\u0161im klientom dok\u00e1\u017eu zabezpe\u010dit modern\u00e9, ekologick\u00e9 a energeticky \u00fasporne b\u00fdvanie.<\/p>\n<\/div>\n<\/div>\n<div class=\"elementor-element elementor-element-9eb8aca elementor-widget elementor-widget-text-editor\" data-id=\"9eb8aca\" data-element_type=\"widget\" data-widget_type=\"text-editor.default\">\n<div class=\"elementor-widget-container\">\n<p style=\"text-align: center;\">Radi V\u00e1m predstav\u00edme v\u0161etky mo\u017enosti a navrhneme V\u00e1m individu\u00e1lne rie\u0161enia pod\u013ea Va\u0161ich potrieb.<\/p>\n<\/div>\n<\/div>\n<\/div>\n<\/div>\n<p>[\/vc_column_text][\/vc_column_inner][\/vc_row_inner][vc_row_inner][vc_column_inner width=&#8220;1\/3&#8243;][gva_service_box items=&#8220;%5B%7B%22title%22%3A%22Rodinn%C3%A9%20a%20bytov%C3%A9%20domy%22%7D%2C%7B%22title%22%3A%22Rekon%C5%A1trukcie%20domov%20a%20obytn%C3%BDch%20s%C3%BAborov%22%7D%5D&#8220; title=&#8220;Bytov\u00e1 v\u00fdstavba&#8220; icon=&#8220;gv-icon-1022&#8243;][\/vc_column_inner][vc_column_inner width=&#8220;1\/3&#8243;][gva_service_box items=&#8220;%5B%7B%22title%22%3A%22%C5%A0koly%2C%20dru%C5%BEiny%2C%20jed%C3%A1lne%22%7D%2C%7B%22title%22%3A%22Zdravotn%C3%ADcke%20zariadenia%22%7D%2C%7B%22title%22%3A%22Telocvi%C4%8Dne%2C%20%C5%A1portov%C3%A9%20centr%C3%A1%22%7D%2C%7B%22title%22%3A%22Obchodn%C3%A9%20domy%22%7D%2C%7B%22title%22%3A%22Rekon%C5%A1trukcie%20budov%22%7D%5D&#8220; title=&#8220;Ob\u010dianska v\u00fdstavba&#8220; icon=&#8220;gv-icon-1090&#8243;][\/vc_column_inner][vc_column_inner width=&#8220;1\/3&#8243;][gva_service_box items=&#8220;%5B%7B%22title%22%3A%22V%C3%BDrobn%C3%A9%20haly%20a%20sklady%22%7D%2C%7B%22title%22%3A%22Zbern%C3%A9%20dvory%22%7D%2C%7B%22title%22%3A%22Rekon%C5%A1trukcie%20budov%22%7D%5D&#8220; title=&#8220;Priemyseln\u00e1 v\u00fdstavba&#8220; icon=&#8220;gv-icon-1033&#8243;][\/vc_column_inner][\/vc_row_inner][\/vc_column][\/vc_row]<\/p>\n<\/div>","protected":false},"excerpt":{"rendered":"<p>[vc_row css=&#8220;.vc_custom_1532319356025{background-color: #f5f5f5 !important;}&#8220;][vc_column][vc_row_inner][vc_column_inner][vc_column_text css=&#8220;&#8220;] Stavebn\u00e1 \u010dinnos\u0165 &nbsp; Soci\u00e1lny podnik Zelen\u00e9 Stavby SK s.r.o. bol zalo\u017een\u00fd so z\u00e1merom a v\u00edziou, aby sme aj my prispeli k rozvoju v regi\u00f3ne a pon\u00fakli nov\u00e9 mo\u017enosti aj pre marginalizovan\u00e9 skupiny v na\u0161om okol\u00ed. Stavebn\u00edctvom sa zaober\u00e1me uz viac ako 10 rokov. V\u00fdstavbu rodinn\u00fdch a bytov\u00fdch domov sme roz\u0161\u00edrili [&hellip;]<\/p>\n","protected":false},"author":1,"featured_media":0,"parent":0,"menu_order":0,"comment_status":"closed","ping_status":"closed","template":"","meta":{"footnotes":""},"class_list":["post-2495","page","type-page","status-publish","hentry"],"_links":{"self":[{"href":"https:\/\/zelenestavbysk.sk\/index.php?rest_route=\/wp\/v2\/pages\/2495","targetHints":{"allow":["GET"]}}],"collection":[{"href":"https:\/\/zelenestavbysk.sk\/index.php?rest_route=\/wp\/v2\/pages"}],"about":[{"href":"https:\/\/zelenestavbysk.sk\/index.php?rest_route=\/wp\/v2\/types\/page"}],"author":[{"embeddable":true,"href":"https:\/\/zelenestavbysk.sk\/index.php?rest_route=\/wp\/v2\/users\/1"}],"replies":[{"embeddable":true,"href":"https:\/\/zelenestavbysk.sk\/index.php?rest_route=%2Fwp%2Fv2%2Fcomments&post=2495"}],"version-history":[{"count":13,"href":"https:\/\/zelenestavbysk.sk\/index.php?rest_route=\/wp\/v2\/pages\/2495\/revisions"}],"predecessor-version":[{"id":3998,"href":"https:\/\/zelenestavbysk.sk\/index.php?rest_route=\/wp\/v2\/pages\/2495\/revisions\/3998"}],"wp:attachment":[{"href":"https:\/\/zelenestavbysk.sk\/index.php?rest_route=%2Fwp%2Fv2%2Fmedia&parent=2495"}],"curies":[{"name":"wp","href":"https:\/\/api.w.org\/{rel}","templated":true}]}}