{"id":3717,"date":"2015-12-10T16:31:37","date_gmt":"2015-12-10T16:31:37","guid":{"rendered":"https:\/\/gaviaspreview.com\/wp\/winnex\/?page_id=36"},"modified":"2025-10-07T09:39:35","modified_gmt":"2025-10-07T07:39:35","slug":"home-2","status":"publish","type":"page","link":"https:\/\/zelenestavbysk.sk\/","title":{"rendered":"Domov"},"content":{"rendered":"<div class=\"wpb-content-wrapper\"><p>[vc_row fullwidth=&#8220;0&#8243; row_space=&#8220;remove_padding&#8220; isfullwidth=&#8220;0&#8243;][vc_column]\n\t\t\t\t<p class=\"rs-p-wp-fix\"><\/p>\n\t\t\t\t<sr7-module data-alias=\"slider-1\" data-id=\"1\" id=\"SR7_1_1\" class=\"rs-ov-hidden\" data-version=\"6.7.35\">\n\t\t\t\t\t<sr7-adjuster><\/sr7-adjuster>\n\t\t\t\t\t<sr7-content>\n\t\t\t\t\t\t<sr7-slide id=\"SR7_1_1-1\" data-key=\"1\">\n\t\t\t\t\t\t\t<sr7-bg id=\"SR7_1_1-1-5\" class=\"sr7-layer\"><noscript><img decoding=\"async\" src=\"https:\/\/zelenestavbysk.sk\/wp-content\/uploads\/2025\/08\/test_final_background.jpg\" alt=\"\" title=\"test_final_background\"><\/noscript><\/sr7-bg>\n\t\t\t\t\t\t\t<sr7-txt id=\"SR7_1_1-1-3\" class=\"sr7-layer\">Sk\u00fasen\u00e1 firma v oblasti<br \/> stavebnej \u010dinnosti<\/sr7-txt>\n\t\t\t\t\t\t\t<sr7-txt id=\"SR7_1_1-1-4\" class=\"sr7-layer\">Komplexn\u00e1 stavebn\u00e1 \u010dinnos\u0165 zameran\u00e1 na modern\u00e9 technol\u00f3gie vo svete. <br \/>Cie\u013eom spolo\u010dnosti je poskytn\u00fa\u0165 z\u00e1kazn\u00edkom kvalitn\u00e9 slu\u017eby.<\/sr7-txt>\n\t\t\t\t\t\t<\/sr7-slide>\n\t\t\t\t\t\t<sr7-slide id=\"SR7_1_1-4\" data-key=\"4\">\n\t\t\t\t\t\t<\/sr7-slide>\n\t\t\t\t\t<\/sr7-content>\n\t\t\t\t\t<image_lists style=\"display:none\">\n\t\t\t\t\t\t<img data-src=\"\/\/zelenestavbysk.sk\/wp-content\/uploads\/2025\/08\/test_final_background.jpg\" data-libid=\"3889\" data-lib=\"medialibrary\" title=\"test_final_background\" width=\"0\" height=\"0\" data-dbsrc=\"Ly96ZWxlbmVzdGF2Ynlzay5zay93cC1jb250ZW50L3VwbG9hZHMvMjAyNS8wOC90ZXN0X2ZpbmFsX2JhY2tncm91bmQuanBn\"\/>\n\t\t\t\t\t<\/image_lists>\n\t\t\t\t<\/sr7-module>\n\t\t\t\t<script>\n\t\t\t\t\tSR7.PMH ??={}; SR7.PMH[\"SR7_1_1\"] = {cn:100,state:false,fn: function() { if (_tpt!==undefined && _tpt.prepareModuleHeight !== undefined) {  _tpt.prepareModuleHeight({id:\"SR7_1_1\",el:[700,700,768,500,500],type:'hero',shdw:'0',gh:[700,700,768,500,500],gw:[1170,1170,1024,778,778],vpt:['-200px&#039;,&#039;-200px&#039;,&#039;-200px&#039;,&#039;-200px&#039;,&#039;-200px'],size:{fullWidth:true, fullHeight:false},mh:'0',onh:0,onw:0,bg:{color:'{\"orig\":\"transparent\",\"type\":\"solid\",\"string\":\"transparent\"}'},plType:'0',plColor:'#FFFFFF'});   SR7.PMH[\"SR7_1_1\"].state=true;} else if(SR7.PMH[\"SR7_1_1\"].cn-->0)\tsetTimeout( SR7.PMH[\"SR7_1_1\"].fn,19);}};SR7.PMH[\"SR7_1_1\" ].fn();\n\t\t\t\t<\/script>\n[\/vc_column][\/vc_row][vc_row gap=&#8220;35&#8243; full_height=&#8220;yes&#8220; content_placement=&#8220;middle&#8220;][vc_column width=&#8220;5\/6&#8243; offset=&#8220;vc_col-lg-11 vc_col-md-11&#8243;][vc_row_inner][vc_column_inner][gva_call_to_action title=&#8220;Na\u0161e slu\u017eby a v\u00edzie&#8220; button_align=&#8220;button-center&#8220; style_text=&#8220;text-dark&#8220; style_button=&#8220;btn-white&#8220;]\u00daspe\u0161n\u00fdm budovan\u00edm soci\u00e1lnej ekonomiky, vytv\u00e1ran\u00edm nov\u00fdch pracovn\u00fdch miest a svojou cielenou hospod\u00e1rskou \u010dinnos\u0165ou chceme prispieva\u0165 k rozvoju regi\u00f3nu a jeho okolia a k zv\u00fd\u0161enej zamestnanosti znev\u00fdhodnen\u00fdch a zranite\u013en\u00fdch os\u00f4b.[\/gva_call_to_action][vc_separator color=&#8220;white&#8220; css=&#8220;&#8220;][vc_separator border_width=&#8220;10&#8243; css=&#8220;&#8220;][\/vc_column_inner][\/vc_row_inner][vc_row_inner][vc_column_inner width=&#8220;1\/4&#8243; offset=&#8220;vc_col-xs-6&#8243;][gva_icon_box title=&#8220;Sk\u00fasenosti&#8220; description=&#8220;Dlhoro\u010dn\u00e9 sk\u00fasenosti a n\u00e1\u0161 stabiln\u00fd t\u00edm s\u00fa z\u00e1rukou vysokej kvality a Va\u0161ej spokojnosti.&#8220; icon_position=&#8220;top-left&#8220; icon_width=&#8220;fa-2x&#8220; image=&#8220;3496&#8243;][\/vc_column_inner][vc_column_inner width=&#8220;1\/4&#8243;][gva_icon_box title=&#8220;Jedine\u010dn\u00e9 ceny&#8220; description=&#8220;Pon\u00fakame \u0161pi\u010dkov\u00e9 materi\u00e1ly za f\u00e9rov\u00e9 ceny.&#8220; icon_position=&#8220;top-left&#8220; icon_width=&#8220;fa-2x&#8220; margin_bottom=&#8220;margin-bottom-2&#8243; image=&#8220;3495&#8243;][\/vc_column_inner][vc_column_inner width=&#8220;1\/4&#8243;][gva_icon_box title=&#8220;Spo\u013eahliv\u00fd dod\u00e1vatelia&#8220; description=&#8220;Spolupracujeme s renomovan\u00fdmi slovensk\u00fdmi aj medzin\u00e1rodn\u00fdmi spolo\u010dnos\u0165ami, s dlhoro\u010dnou sk\u00fasenos\u0165ou.&#8220; icon_position=&#8220;top-left&#8220; icon_width=&#8220;fa-2x&#8220; margin_bottom=&#8220;margin-bottom-2&#8243; image=&#8220;3671&#8243;][\/vc_column_inner][vc_column_inner width=&#8220;1\/4&#8243;][gva_icon_box title=&#8220;Cie\u013e&#8220; description=&#8220;Na\u0161im cielom je v\u00fdstavba z kvalitn\u00fdch a cenovo dostupn\u00fdch materi\u00e1lov, bez kompromisov.&#8220; icon_position=&#8220;top-left&#8220; icon_width=&#8220;fa-2x&#8220; margin_bottom=&#8220;margin-bottom-2&#8243; image=&#8220;3666&#8243;][\/vc_column_inner][\/vc_row_inner][vc_row_inner][vc_column_inner width=&#8220;1\/4&#8243;][gva_icon_box title=&#8220;V\u00edzia&#8220; description=&#8220;Budovanie soci\u00e1lneho podniku ako stabiln\u00fd subjekt, ktor\u00fd prispieva svojou \u010dinnos\u0165ou k pozit\u00edvnym vplyvom pre rozvoj v regi\u00f3ne.&#8220; icon_position=&#8220;top-left&#8220; icon_width=&#8220;fa-2x&#8220; margin_bottom=&#8220;&#8220; image=&#8220;3669&#8243;][\/vc_column_inner][vc_column_inner width=&#8220;1\/4&#8243;][gva_icon_box title=&#8220;Soci\u00e1lny vplyv&#8220; description=&#8220;Dosahovanie pozit\u00edvneho soci\u00e1lneho vplyvu a vytv\u00e1ranie nov\u00fdch pracovn\u00fdch miest aj pre marginalizovan\u00e9 skupiny.&#8220; icon_position=&#8220;top-left&#8220; icon_width=&#8220;fa-2x&#8220; margin_bottom=&#8220;&#8220; image=&#8220;3668&#8243;][\/vc_column_inner][vc_column_inner width=&#8220;1\/4&#8243;][gva_icon_box title=&#8220;Modern\u00e9, ekologick\u00e9 a energeticky \u00fasporn\u00e9 b\u00fdvanie.&#8220; description=&#8220;Budovanie stavebn\u00fdch projektov, zameran\u00fdch na modern\u00e9, ekologic\u00e9 a energeticky \u00fasporn\u00e9 b\u00fdvanie.&#8220; icon_position=&#8220;top-left&#8220; icon_width=&#8220;fa-2x&#8220; margin_bottom=&#8220;&#8220; image=&#8220;3494&#8243;][\/vc_column_inner][vc_column_inner width=&#8220;1\/4&#8243;][gva_icon_box title=&#8220;Poradenstvo&#8220; description=&#8220;N\u00e1\u0161 profesion\u00e1lny t\u00edm je V\u00e1m kedyko\u013evek k dispoz\u00edcii.&#8220; icon_position=&#8220;top-left&#8220; icon_width=&#8220;fa-2x&#8220; image=&#8220;3497&#8243;][\/vc_column_inner][\/vc_row_inner][\/vc_column][\/vc_row][vc_row parallax=&#8220;content-moving&#8220; parallax_image=&#8220;3513&#8243; row_space=&#8220;padding-small&#8220;][vc_column width=&#8220;1\/4&#8243;][vc_empty_space][vc_single_image image=&#8220;3907&#8243; img_size=&#8220;400&#215;100&#8243; css=&#8220;&#8220;][\/vc_column][vc_column width=&#8220;1\/4&#8243;][vc_empty_space][vc_single_image image=&#8220;3999&#8243; img_size=&#8220;400&#215;150&#8243; css=&#8220;&#8220;][\/vc_column][vc_column width=&#8220;1\/4&#8243;][vc_single_image image=&#8220;4003&#8243; img_size=&#8220;400&#215;150&#8243; css=&#8220;&#8220;][\/vc_column][vc_column width=&#8220;1\/4&#8243;][vc_single_image image=&#8220;3912&#8243; img_size=&#8220;400&#215;150&#8243; css=&#8220;&#8220;][\/vc_column][vc_column][vc_text_separator title=&#8220;Spolupracujeme s partnermi:&#8220; color=&#8220;white&#8220; css=&#8220;.vc_custom_1758795975267{background-color: #FFFFFF !important;}&#8220;][\/vc_column][\/vc_row][vc_row fullwidth=&#8220;0&#8243; row_space=&#8220;remove_padding&#8220;][vc_column][gva_google_map title=&#8220;Kontakt&#8220; link=&#8220;48.384198153020584, 18.385821092993776&#8243; height=&#8220;630px&#8220; title_content=&#8220;Po\u0161li n\u00e1m spr\u00e1vu&#8220; contact_form=&#8220;`{`contact-form-7 id=&#8222;236&#8222; title=&#8222;Contact Form&#8222;`}`&#8220; id=&#8220;&#8222;236&#8222;&#8220; descrption=&#8220;Lorem ipsum dolor sit amet, consectetur adipiscing elit Aenean ac.&#8220; email=&#8220;yourdemo@gmail.com&#8220; phone=&#8220;0080-321-4567&#8243; facebook=&#8220;#&#8220; twitter=&#8220;#&#8220; instagram=&#8220;#&#8220; dribbble=&#8220;#&#8220; linkedin=&#8220;#&#8220; pinterest=&#8220;#&#8220;][\/vc_column][\/vc_row]<\/p>\n<\/div>","protected":false},"excerpt":{"rendered":"<p>[vc_row fullwidth=&#8220;0&#8243; row_space=&#8220;remove_padding&#8220; isfullwidth=&#8220;0&#8243;][vc_column][\/vc_column][\/vc_row][vc_row gap=&#8220;35&#8243; full_height=&#8220;yes&#8220; content_placement=&#8220;middle&#8220;][vc_column width=&#8220;5\/6&#8243; offset=&#8220;vc_col-lg-11 vc_col-md-11&#8243;][vc_row_inner][vc_column_inner][gva_call_to_action title=&#8220;Na\u0161e slu\u017eby a v\u00edzie&#8220; button_align=&#8220;button-center&#8220; style_text=&#8220;text-dark&#8220; style_button=&#8220;btn-white&#8220;]\u00daspe\u0161n\u00fdm budovan\u00edm soci\u00e1lnej ekonomiky, vytv\u00e1ran\u00edm nov\u00fdch pracovn\u00fdch miest a svojou cielenou hospod\u00e1rskou \u010dinnos\u0165ou chceme prispieva\u0165 k rozvoju regi\u00f3nu a jeho okolia a k zv\u00fd\u0161enej zamestnanosti znev\u00fdhodnen\u00fdch a zranite\u013en\u00fdch os\u00f4b.[\/gva_call_to_action][vc_separator color=&#8220;white&#8220; css=&#8220;&#8220;][vc_separator border_width=&#8220;10&#8243; css=&#8220;&#8220;][\/vc_column_inner][\/vc_row_inner][vc_row_inner][vc_column_inner width=&#8220;1\/4&#8243; offset=&#8220;vc_col-xs-6&#8243;][gva_icon_box title=&#8220;Sk\u00fasenosti&#8220; description=&#8220;Dlhoro\u010dn\u00e9 sk\u00fasenosti a [&hellip;]<\/p>\n","protected":false},"author":1,"featured_media":3907,"parent":0,"menu_order":0,"comment_status":"closed","ping_status":"closed","template":"","meta":{"footnotes":""},"class_list":["post-3717","page","type-page","status-publish","has-post-thumbnail","hentry"],"_links":{"self":[{"href":"https:\/\/zelenestavbysk.sk\/index.php?rest_route=\/wp\/v2\/pages\/3717","targetHints":{"allow":["GET"]}}],"collection":[{"href":"https:\/\/zelenestavbysk.sk\/index.php?rest_route=\/wp\/v2\/pages"}],"about":[{"href":"https:\/\/zelenestavbysk.sk\/index.php?rest_route=\/wp\/v2\/types\/page"}],"author":[{"embeddable":true,"href":"https:\/\/zelenestavbysk.sk\/index.php?rest_route=\/wp\/v2\/users\/1"}],"replies":[{"embeddable":true,"href":"https:\/\/zelenestavbysk.sk\/index.php?rest_route=%2Fwp%2Fv2%2Fcomments&post=3717"}],"version-history":[{"count":34,"href":"https:\/\/zelenestavbysk.sk\/index.php?rest_route=\/wp\/v2\/pages\/3717\/revisions"}],"predecessor-version":[{"id":4010,"href":"https:\/\/zelenestavbysk.sk\/index.php?rest_route=\/wp\/v2\/pages\/3717\/revisions\/4010"}],"wp:featuredmedia":[{"embeddable":true,"href":"https:\/\/zelenestavbysk.sk\/index.php?rest_route=\/wp\/v2\/media\/3907"}],"wp:attachment":[{"href":"https:\/\/zelenestavbysk.sk\/index.php?rest_route=%2Fwp%2Fv2%2Fmedia&parent=3717"}],"curies":[{"name":"wp","href":"https:\/\/api.w.org\/{rel}","templated":true}]}}