{"id":612,"date":"2016-03-07T03:11:04","date_gmt":"2016-03-07T03:11:04","guid":{"rendered":"https:\/\/gaviaspreview.com\/wp\/winnex\/?page_id=612"},"modified":"2025-10-07T09:50:04","modified_gmt":"2025-10-07T07:50:04","slug":"about-page","status":"publish","type":"page","link":"https:\/\/zelenestavbysk.sk\/?page_id=612","title":{"rendered":"O n\u00e1s"},"content":{"rendered":"<div class=\"wpb-content-wrapper\"><p>[vc_row row_space=&#8220;remove_padding&#8220; isfullwidth=&#8220;&#8220; css=&#8220;.vc_custom_1539588804561{padding-bottom: 20px !important;}&#8220;][vc_column][gva_block_heading title=&#8220;O N\u00e1s:&#8220; style=&#8220;style-2&#8243; align=&#8220;align-left&#8220;][vc_column_text css=&#8220;&#8220;]<\/p>\n<div class=\"elementor-element elementor-element-5b043be elementor-widget elementor-widget-text-editor\" data-id=\"5b043be\" data-element_type=\"widget\" data-widget_type=\"text-editor.default\">\n<div class=\"elementor-widget-container\">\n<p>Soci\u00e1lny podnik Zelen\u00e9 Stavby SK s.r.o. bol zalo\u017een\u00fd so z\u00e1merom a v\u00edziou, aby sme aj my prispeli k rozvoju v regi\u00f3ne a pon\u00fakli nov\u00e9 mo\u017enosti aj pre marginalizovan\u00e9 skupiny v na\u0161om okol\u00ed.<\/p>\n<p>Stavebn\u00edctvom sa zaober\u00e1me uz viac ako 10 rokov. V\u00fdstavbu rodinn\u00fdch a bytov\u00fdch domov sme roz\u0161\u00edrili o slu\u017eby, ktor\u00e9 na\u0161im klientom dok\u00e1\u017eu zabezpe\u010dit modern\u00e9, ekologick\u00e9 a energeticky \u00fasporne b\u00fdvanie.<\/p>\n<\/div>\n<\/div>\n<div class=\"elementor-element elementor-element-9eb8aca elementor-widget elementor-widget-text-editor\" data-id=\"9eb8aca\" data-element_type=\"widget\" data-widget_type=\"text-editor.default\">\n<div class=\"elementor-widget-container\">\n<p>Radi V\u00e1m predstav\u00edme v\u0161etky mo\u017enosti a navrhneme V\u00e1m individu\u00e1lne rie\u0161enia pod\u013ea Va\u0161ich potrieb.<\/p>\n<\/div>\n<\/div>\n<p>[\/vc_column_text][vc_single_image image=&#8220;3596&#8243; img_size=&#8220;full&#8220; alignment=&#8220;center&#8220; css=&#8220;.vc_custom_1539588898928{padding-top: 20px !important;padding-bottom: 20px !important;}&#8220;][\/vc_column][\/vc_row][vc_row row_space=&#8220;remove_padding&#8220; isfullwidth=&#8220;&#8220; css=&#8220;.vc_custom_1539588804561{padding-bottom: 20px !important;}&#8220;][vc_column][gva_block_heading title=&#8220;Pre\u010do si vybra\u0165 n\u00e1s ?&#8220; style=&#8220;style-2&#8243; align=&#8220;align-left&#8220;][vc_column_text css=&#8220;&#8220;]<\/p>\n<div class=\"elementor-element elementor-element-5b043be elementor-widget elementor-widget-text-editor\" data-id=\"5b043be\" data-element_type=\"widget\" data-widget_type=\"text-editor.default\">\n<div class=\"elementor-widget-container\">\n<p>Dlhoro\u010dn\u00e9 sk\u00fasenosti a n\u00e1\u0161 stabiln\u00fd t\u00edm s\u00fa z\u00e1rukou vysokej kvality a Va\u0161ej spokojnosti.<\/p>\n<p>Cie\u013eom spolo\u010dnosti je poskytn\u00fa\u0165 z\u00e1kazn\u00edkom kvalitn\u00e9 slu\u017eby, na z\u00e1klade ktor\u00fdch n\u00e1s vyh\u013eadaj\u00fa aj v bud\u00facnosti.<\/p>\n<\/div>\n<\/div>\n<p>[\/vc_column_text][\/vc_column][\/vc_row][vc_row row_space=&#8220;remove_padding&#8220;][vc_column][vc_row_inner][vc_column_inner width=&#8220;1\/2&#8243;][gva_icon_box title=&#8220;Spolupr\u00e1ca s renomovan\u00fdmi v\u00fdrobcami&#8220; description=&#8220;Spolupracujeme so spolo\u010dnos\u0165ami, ktor\u00ed s\u00fa l\u00eddrami vo svojom obore.&#8220; icon_position=&#8220;left&#8220; icon_width=&#8220;fa-3x&#8220; margin_bottom=&#8220;margin-bottom-2&#8243; image=&#8220;3494&#8243;][\/vc_column_inner][vc_column_inner width=&#8220;1\/2&#8243;][gva_icon_box title=&#8220;Profesi\u00f3n\u00e1lny t\u00edm&#8220; description=&#8220;Na\u0161i zamestnanci maj\u00fa dlhoro\u010dn\u00e9 sk\u00fasenosti z praxe.&#8220; icon_position=&#8220;left&#8220; icon_width=&#8220;fa-3x&#8220; margin_bottom=&#8220;margin-bottom-2&#8243; image=&#8220;3495&#8243;][\/vc_column_inner][\/vc_row_inner][vc_row_inner][vc_column_inner width=&#8220;1\/2&#8243;][gva_icon_box title=&#8220;Inov\u00e1cie&#8220; description=&#8220;Sna\u017e\u00edme sa neust\u00e1le zlep\u0161ova\u0165 a u\u010di\u0165 nov\u00fdm technologick\u00fdm a efekt\u00edvnej\u0161\u00edm postupom.&#8220; icon_position=&#8220;left&#8220; icon_width=&#8220;fa-3x&#8220; margin_bottom=&#8220;margin-bottom-2&#8243; image=&#8220;3496&#8243;][\/vc_column_inner][vc_column_inner width=&#8220;1\/2&#8243;][gva_icon_box title=&#8220;Podpora&#8220; description=&#8220;M\u00f4\u017eete n\u00e1s kedyko\u013evek kontaktova\u0165, sme V\u00e1m k dispoz\u00edcii a radi V\u00e1m porad\u00edme.&#8220; icon_position=&#8220;left&#8220; icon_width=&#8220;fa-3x&#8220; margin_bottom=&#8220;margin-bottom-2&#8243; image=&#8220;3497&#8243;][\/vc_column_inner][\/vc_row_inner][\/vc_column][\/vc_row]<\/p>\n<\/div>","protected":false},"excerpt":{"rendered":"<p>[vc_row row_space=&#8220;remove_padding&#8220; isfullwidth=&#8220;&#8220; css=&#8220;.vc_custom_1539588804561{padding-bottom: 20px !important;}&#8220;][vc_column][gva_block_heading title=&#8220;O N\u00e1s:&#8220; style=&#8220;style-2&#8243; align=&#8220;align-left&#8220;][vc_column_text css=&#8220;&#8220;] Soci\u00e1lny podnik Zelen\u00e9 Stavby SK s.r.o. bol zalo\u017een\u00fd so z\u00e1merom a v\u00edziou, aby sme aj my prispeli k rozvoju v regi\u00f3ne a pon\u00fakli nov\u00e9 mo\u017enosti aj pre marginalizovan\u00e9 skupiny v na\u0161om okol\u00ed. Stavebn\u00edctvom sa zaober\u00e1me uz viac ako 10 rokov. V\u00fdstavbu rodinn\u00fdch a bytov\u00fdch [&hellip;]<\/p>\n","protected":false},"author":1,"featured_media":0,"parent":0,"menu_order":0,"comment_status":"closed","ping_status":"closed","template":"","meta":{"footnotes":""},"class_list":["post-612","page","type-page","status-publish","hentry"],"_links":{"self":[{"href":"https:\/\/zelenestavbysk.sk\/index.php?rest_route=\/wp\/v2\/pages\/612","targetHints":{"allow":["GET"]}}],"collection":[{"href":"https:\/\/zelenestavbysk.sk\/index.php?rest_route=\/wp\/v2\/pages"}],"about":[{"href":"https:\/\/zelenestavbysk.sk\/index.php?rest_route=\/wp\/v2\/types\/page"}],"author":[{"embeddable":true,"href":"https:\/\/zelenestavbysk.sk\/index.php?rest_route=\/wp\/v2\/users\/1"}],"replies":[{"embeddable":true,"href":"https:\/\/zelenestavbysk.sk\/index.php?rest_route=%2Fwp%2Fv2%2Fcomments&post=612"}],"version-history":[{"count":5,"href":"https:\/\/zelenestavbysk.sk\/index.php?rest_route=\/wp\/v2\/pages\/612\/revisions"}],"predecessor-version":[{"id":4011,"href":"https:\/\/zelenestavbysk.sk\/index.php?rest_route=\/wp\/v2\/pages\/612\/revisions\/4011"}],"wp:attachment":[{"href":"https:\/\/zelenestavbysk.sk\/index.php?rest_route=%2Fwp%2Fv2%2Fmedia&parent=612"}],"curies":[{"name":"wp","href":"https:\/\/api.w.org\/{rel}","templated":true}]}}